







{"id":19606,"date":"2021-07-09T14:58:19","date_gmt":"2021-07-09T14:58:19","guid":{"rendered":"https:\/\/xubibavu.cyon.site\/registration\/"},"modified":"2022-01-17T18:27:47","modified_gmt":"2022-01-17T18:27:47","slug":"senregistrer","status":"publish","type":"page","link":"https:\/\/lavana.ch\/fr\/senregistrer\/","title":{"rendered":"S&#8217;ENREGISTRER"},"content":{"rendered":"<div id='av-layout-grid-1'  class='av-layout-grid-container av-av_layout_row-849c7e93b39f3dc563321b63bfd35457 entry-content-wrapper main_color av-flex-cells  avia-builder-el-0  avia-builder-el-no-sibling  registration-form-container  container_wrap fullsize'  >\n\n<style type=\"text\/css\" data-created_by=\"avia_inline_auto\" id=\"style-css-av-av_cell_one_half-f6d8835f0968b1bd9ee283a7915c54f8\">\n.flex_cell.av-av_cell_one_half-f6d8835f0968b1bd9ee283a7915c54f8{\nvertical-align:middle;\nheight:750px;\nmin-height:750px;\nbackground:url(https:\/\/lavana.ch\/wp-content\/uploads\/2021\/07\/registration-page-img.jpg) 50% 50% no-repeat scroll ;\n}\n.responsive #top #wrap_all .flex_cell.av-av_cell_one_half-f6d8835f0968b1bd9ee283a7915c54f8{\npadding:30px 30px 30px 30px !important;\n}\n<\/style>\n<div class='flex_cell av-av_cell_one_half-f6d8835f0968b1bd9ee283a7915c54f8 av-gridrow-cell av_one_half no_margin av-hide-on-mobile  avia-builder-el-1  el_before_av_cell_one_half  avia-builder-el-first  content-align-middle avia-full-stretch'  ><div class='flex_cell_inner'><\/div><\/div>\n<style type=\"text\/css\" data-created_by=\"avia_inline_auto\" id=\"style-css-av-av_cell_one_half-b1841e5f1bb08f803314d48deb310501\">\n.flex_cell.av-av_cell_one_half-b1841e5f1bb08f803314d48deb310501{\nvertical-align:middle;\nheight:750px;\nmin-height:750px;\n}\n.responsive #top #wrap_all .flex_cell.av-av_cell_one_half-b1841e5f1bb08f803314d48deb310501{\npadding:50px 0 50px 0 !important;\n}\n<\/style>\n<div class='flex_cell av-av_cell_one_half-b1841e5f1bb08f803314d48deb310501 av-gridrow-cell av_one_half no_margin  avia-builder-el-2  el_after_av_cell_one_half  avia-builder-el-last  content-align-middle'  ><div class='flex_cell_inner'><p>\n<style type=\"text\/css\" data-created_by=\"avia_inline_auto\" id=\"style-css-av-kyj0s2si-cb2ac845ca89c92d7fa96eb622cf31f1\">\n#top .av-special-heading.av-kyj0s2si-cb2ac845ca89c92d7fa96eb622cf31f1{\npadding-bottom:10px;\ncolor:#7c124a;\n}\nbody .av-special-heading.av-kyj0s2si-cb2ac845ca89c92d7fa96eb622cf31f1 .av-special-heading-tag .heading-char{\nfont-size:25px;\n}\n.av-special-heading.av-kyj0s2si-cb2ac845ca89c92d7fa96eb622cf31f1 .special-heading-inner-border{\nborder-color:#7c124a;\n}\n.av-special-heading.av-kyj0s2si-cb2ac845ca89c92d7fa96eb622cf31f1 .av-subheading{\nfont-size:16px;\n}\n<\/style>\n<div  class='av-special-heading av-kyj0s2si-cb2ac845ca89c92d7fa96eb622cf31f1 av-special-heading-h2 custom-color-heading blockquote modern-quote modern-centered  avia-builder-el-3  el_before_av_textblock  avia-builder-el-first '><div class='av_custom_color av-subheading av-subheading_above'><p>S\u2019ENREGISTRER<\/p>\n<\/div><h2 class='av-special-heading-tag '  itemprop=\"headline\"  >BIENVENUE<\/h2><div class=\"special-heading-border\"><div class=\"special-heading-inner-border\"><\/div><\/div><\/div><br \/>\n<section  class='av_textblock_section av-kyj0sg26-088f60cdf5feed8bd4d7af0740e5dfe3 '   itemscope=\"itemscope\" itemtype=\"https:\/\/schema.org\/CreativeWork\" ><div class='avia_textblock'  itemprop=\"text\" >\t<div class='user-registration ur-frontend-form   ' id='user-registration-form-19674'>\n\t\t\t\t\t\t\t\t<form method='post' class='register' data-form-id=\"19674\"\n\t\t\t\tdata-enable-strength-password=\"\" data-minimum-password-strength=\"3\"\n\t\t\t\t\t\t\t\t\t\t\t\t\t\t\t data-captcha-enabled=\"\">\n\n\t\t\t\t<div class=\"ur-form-row\" data-row-id=\"0\">\t\t\t\t\t\t\t<div class=\"ur-form-grid ur-grid-1\"\n\t\t\t\t\t\t\t\tstyle=\"width:99%\">\n\t\t\t\t\t\t\t\t\t\t\t\t\t\t\t\t<div  data-field-id=\"billing_company\" class=\"ur-field-item field-text \" data-ref-id=\"billing_company\" data-field-pattern-enabled=\"0\" data-field-pattern-value=\" \" data-field-pattern-message=\" \">\n\t\t\t\t\t\t\t\t\t\t<div class=\"form-row validate-required\" id=\"billing_company_field\" data-priority=\"\" > <span class=\"input-wrapper\"> <input  data-rules=\"\" data-id=\"billing_company\" type=\"text\" class=\"input-text   input-text ur-frontend-field  \" name=\"billing_company\" id=\"billing_company\" placeholder=\"Soci\u00e9t\u00e9*\"  value=\"\" required=\"required\" data-label=\"Soci\u00e9t\u00e9\" maxlength=\"20\" \/> <\/span> <\/div>\t\t\t\t\t\t\t\t\t<\/div>\n\t\t\t\t\t\t\t\t\t\t\t\t\t\t\t\t\t\t<div  data-field-id=\"trade_type\" class=\"ur-field-item field-text \" data-ref-id=\"trade_type\" data-field-pattern-enabled=\"0\" data-field-pattern-value=\" \" data-field-pattern-message=\" \">\n\t\t\t\t\t\t\t\t\t\t<div class=\"form-row validate-required\" id=\"trade_type_field\" data-priority=\"\" > <span class=\"input-wrapper\"> <input  data-rules=\"\" data-id=\"trade_type\" type=\"text\" class=\"input-text   input-text ur-frontend-field  \" name=\"trade_type\" id=\"trade_type\" placeholder=\"Type de commerce*\"  value=\"\" required=\"required\" data-label=\"Type de commerce\" maxlength=\"20\" \/> <\/span> <\/div>\t\t\t\t\t\t\t\t\t<\/div>\n\t\t\t\t\t\t\t\t\t\t\t\t\t\t\t\t\t\t<div  data-field-id=\"billing_address_1\" class=\"ur-field-item field-text \" data-ref-id=\"billing_address_1\" data-field-pattern-enabled=\"0\" data-field-pattern-value=\" \" data-field-pattern-message=\" \">\n\t\t\t\t\t\t\t\t\t\t<div class=\"form-row validate-required\" id=\"billing_address_1_field\" data-priority=\"\" > <span class=\"input-wrapper\"> <input  data-rules=\"\" data-id=\"billing_address_1\" type=\"text\" class=\"input-text   input-text ur-frontend-field  \" name=\"billing_address_1\" id=\"billing_address_1\" placeholder=\"Adresse*\"  value=\"\" required=\"required\" data-label=\"Adresse\" maxlength=\"20\" \/> <\/span> <\/div>\t\t\t\t\t\t\t\t\t<\/div>\n\t\t\t\t\t\t\t\t\t\t\t\t\t\t\t\t\t\t<div  data-field-id=\"contact_person\" class=\"ur-field-item field-text \" data-ref-id=\"contact_person\" data-field-pattern-enabled=\"0\" data-field-pattern-value=\" \" data-field-pattern-message=\" \">\n\t\t\t\t\t\t\t\t\t\t<div class=\"form-row validate-required\" id=\"contact_person_field\" data-priority=\"\" > <span class=\"input-wrapper\"> <input  data-rules=\"\" data-id=\"contact_person\" type=\"text\" class=\"input-text   input-text ur-frontend-field  \" name=\"contact_person\" id=\"contact_person\" placeholder=\"Personne r\u00e9sponsable*\"  value=\"\" required=\"required\" data-label=\"Personne r\u00e9sponsable\" maxlength=\"20\" \/> <\/span> <\/div>\t\t\t\t\t\t\t\t\t<\/div>\n\t\t\t\t\t\t\t\t\t\t\t\t\t\t\t\t\t\t<div  data-field-id=\"billing_phone\" class=\"ur-field-item field-text \" data-ref-id=\"billing_phone\" data-field-pattern-enabled=\"0\" data-field-pattern-value=\" \" data-field-pattern-message=\" \">\n\t\t\t\t\t\t\t\t\t\t<div class=\"form-row \" id=\"billing_phone_field\" data-priority=\"\" > <span class=\"input-wrapper\"> <input  data-rules=\"\" data-id=\"billing_phone\" type=\"text\" class=\"input-text   input-text ur-frontend-field  \" name=\"billing_phone\" id=\"billing_phone\" placeholder=\"Num\u00e9ro de t\u00e9l\u00e9phone\"  value=\"\" data-label=\"Num\u00e9ro de t\u00e9l\u00e9phone\" maxlength=\"20\" \/> <\/span> <\/div>\t\t\t\t\t\t\t\t\t<\/div>\n\t\t\t\t\t\t\t\t\t\t\t\t\t\t\t\t\t\t<div  data-field-id=\"user_email\" class=\"ur-field-item field-user_email \" data-ref-id=\"user_email\" data-field-pattern-enabled=\"0\" data-field-pattern-value=\" \" data-field-pattern-message=\" \">\n\t\t\t\t\t\t\t\t\t\t<div class=\"form-row validate-required\" id=\"user_email_field\" data-priority=\"\" > <span class=\"input-wrapper\"> <input  data-rules=\"\" data-id=\"user_email\" type=\"email\" class=\"input-text   input-email ur-frontend-field  \" name=\"user_email\" id=\"user_email\" placeholder=\"Adresse e-mail*\"  value=\"\" required=\"required\" data-label=\"Adresse e-mail\" \/> <\/span> <\/div>\t\t\t\t\t\t\t\t\t<\/div>\n\t\t\t\t\t\t\t\t\t\t\t\t\t\t\t\t\t\t<div  data-field-id=\"fax\" class=\"ur-field-item field-number \" data-ref-id=\"fax\" data-field-pattern-enabled=\"0\" data-field-pattern-value=\" \" data-field-pattern-message=\" \">\n\t\t\t\t\t\t\t\t\t\t<div class=\"form-row \" id=\"fax_field\" data-priority=\"\" > <span class=\"input-wrapper\"> <input  data-rules=\"\" data-id=\"fax\" type=\"number\" class=\"input-text   input-number ur-frontend-field  \" name=\"fax\" id=\"fax\" placeholder=\"FAX\"  value=\"\" data-label=\"Fax\" step=\"1\" \/> <\/span> <\/div>\t\t\t\t\t\t\t\t\t<\/div>\n\t\t\t\t\t\t\t\t\t\t\t\t\t\t\t\t\t\t<div  data-field-id=\"input_box_1625845815\" class=\"ur-field-item field-text \" data-ref-id=\"input_box_1625845815\" data-field-pattern-enabled=\"0\" data-field-pattern-value=\" \" data-field-pattern-message=\" \">\n\t\t\t\t\t\t\t\t\t\t<div class=\"form-row \" id=\"input_box_1625845815_field\" data-priority=\"\" > <span class=\"input-wrapper\"> <input  data-rules=\"\" data-id=\"input_box_1625845815\" type=\"text\" class=\"input-text   input-text ur-frontend-field  \" name=\"input_box_1625845815\" id=\"input_box_1625845815\" placeholder=\"NUM\u00c9RO DE TVA\"  value=\"\" data-label=\"NUM\u00c9RO DE TVA\" maxlength=\"20\" \/> <\/span> <\/div>\t\t\t\t\t\t\t\t\t<\/div>\n\t\t\t\t\t\t\t\t\t\t\t\t\t\t\t\t\t\t<div  data-field-id=\"user_pass\" class=\"ur-field-item field-user_pass \" data-ref-id=\"user_pass\" data-field-pattern-enabled=\"0\" data-field-pattern-value=\" \" data-field-pattern-message=\" \">\n\t\t\t\t\t\t\t\t\t\t<div class=\"form-row validate-required hide_show_password\" id=\"user_pass_field\" data-priority=\"\"> <span class=\"input-wrapper\"> <span class=\"password-input-group input-form-field-icons\"><input data-rules=\"\" data-id=\"user_pass\" type=\"password\" class=\"input-text  input-password ur-frontend-field  \" name=\"user_pass\" id=\"user_pass\" placeholder=\"Mot de passe*\"  value=\"\" required=\"required\" data-label=\"Mot de passe\" \/><a href=\"javaScript:void(0)\" class=\"password_preview dashicons dashicons-hidden\" title=\" Show password \"><\/a><\/span> <\/span> <\/div>\t\t\t\t\t\t\t\t\t<\/div>\n\t\t\t\t\t\t\t\t\t\t\t\t\t\t\t\t\t\t<div  data-field-id=\"user_confirm_password\" class=\"ur-field-item field-user_confirm_password \" data-ref-id=\"user_confirm_password\" data-field-pattern-enabled=\"0\" data-field-pattern-value=\" \" data-field-pattern-message=\" \">\n\t\t\t\t\t\t\t\t\t\t<div class=\"form-row validate-required hide_show_password\" id=\"user_confirm_password_field\" data-priority=\"\"> <span class=\"input-wrapper\"> <span class=\"password-input-group input-form-field-icons\"><input data-rules=\"\" data-id=\"user_confirm_password\" type=\"password\" class=\"input-text  input-password ur-frontend-field  \" name=\"user_confirm_password\" id=\"user_confirm_password\" placeholder=\"Confirmer le mot de passe*\"  value=\"\" required=\"required\" data-label=\"Confirmer le mot de passe\" \/><a href=\"javaScript:void(0)\" class=\"password_preview dashicons dashicons-hidden\" title=\" Show password \"><\/a><\/span> <\/span> <\/div>\t\t\t\t\t\t\t\t\t<\/div>\n\t\t\t\t\t\t\t\t\t\t\t\t\t\t\t\t<\/div>\n\t\t\t\t\t\t\t\t\t\t\t\t\t<\/div>\n\t\t\t\t\t\t\t\t\t\t\t\t\t\t\t\t\t\t<div class=\"ur-button-container \" >\n\t\t\t\t\t\t\t\t\t\t\t\t\t\t<button type=\"submit\" class=\"btn button ur-submit-button \"  conditional_rules=\"&quot;&quot;\">\n\t\t\t\t\t\t\t\t<span><\/span>\n\t\t\t\t\t\t\t\tADH\u00c9RER MAINTENANT\t\t\t\t\t\t\t<\/button>\n\t\t\t\t\t\t\t\t\t\t\t\t\t\t\t\t\t\t\t\t<\/div>\n\t\t\t\t\t\t\n\t\t\t\t<div style=\"clear:both\"><\/div>\n\t\t\t\t\t\t\t\t<input type=\"hidden\" name=\"ur-registration-language\" value=\"fr\"\/>\n\t\t\t\t<input type=\"hidden\" name=\"ur-user-form-id\" value=\"19674\"\/>\n\t\t\t\t<input type=\"hidden\" name=\"ur-redirect-url\" value=\"\"\/>\n\t\t\t\t<input type=\"hidden\" id=\"ur_frontend_form_nonce\" name=\"ur_frontend_form_nonce\" value=\"a05d15f2bf\" \/>\n\t\t\t\t\n\t\t\t<\/form>\n\t\t\t\n\t\t<div style=\"clear:both\"><\/div>\n\t<\/div>\n\n\n<\/div><\/section><\/p>\n<\/div><\/div><\/div>\n","protected":false},"excerpt":{"rendered":"","protected":false},"author":1,"featured_media":0,"parent":0,"menu_order":0,"comment_status":"closed","ping_status":"closed","template":"","meta":{"footnotes":""},"class_list":["post-19606","page","type-page","status-publish","hentry"],"_links":{"self":[{"href":"https:\/\/lavana.ch\/fr\/wp-json\/wp\/v2\/pages\/19606","targetHints":{"allow":["GET"]}}],"collection":[{"href":"https:\/\/lavana.ch\/fr\/wp-json\/wp\/v2\/pages"}],"about":[{"href":"https:\/\/lavana.ch\/fr\/wp-json\/wp\/v2\/types\/page"}],"author":[{"embeddable":true,"href":"https:\/\/lavana.ch\/fr\/wp-json\/wp\/v2\/users\/1"}],"replies":[{"embeddable":true,"href":"https:\/\/lavana.ch\/fr\/wp-json\/wp\/v2\/comments?post=19606"}],"version-history":[{"count":8,"href":"https:\/\/lavana.ch\/fr\/wp-json\/wp\/v2\/pages\/19606\/revisions"}],"predecessor-version":[{"id":19679,"href":"https:\/\/lavana.ch\/fr\/wp-json\/wp\/v2\/pages\/19606\/revisions\/19679"}],"wp:attachment":[{"href":"https:\/\/lavana.ch\/fr\/wp-json\/wp\/v2\/media?parent=19606"}],"curies":[{"name":"wp","href":"https:\/\/api.w.org\/{rel}","templated":true}]}}