







{"id":19620,"date":"2021-07-06T09:27:00","date_gmt":"2021-07-06T09:27:00","guid":{"rendered":"https:\/\/xubibavu.cyon.site\/kontakt\/"},"modified":"2022-01-20T20:43:41","modified_gmt":"2022-01-20T20:43:41","slug":"contact","status":"publish","type":"page","link":"https:\/\/lavana.ch\/fr\/contact\/","title":{"rendered":"Contact"},"content":{"rendered":"<div id='full_slider_1'  class='avia-fullwidth-slider main_color avia-shadow   avia-builder-el-0  el_before_av_section  avia-builder-el-first   container_wrap fullsize'  ><div  class='avia-slideshow av-kqtkaz7x-7a4c569182a61a47ed552fe6bde71fa7 avia-slideshow-featured av_slideshow_full avia-slide-slider av-slideshow-ui av-control-default av-slideshow-manual av-loop-once av-loop-manual-endless av-default-height-applied   avia-slideshow-1' data-slideshow-options=\"{&quot;animation&quot;:&quot;slide&quot;,&quot;autoplay&quot;:false,&quot;loop_autoplay&quot;:&quot;once&quot;,&quot;interval&quot;:5,&quot;loop_manual&quot;:&quot;manual-endless&quot;,&quot;autoplay_stopper&quot;:false,&quot;noNavigation&quot;:false,&quot;bg_slider&quot;:false,&quot;keep_padding&quot;:false,&quot;hoverpause&quot;:false,&quot;show_slide_delay&quot;:0}\"  itemprop=\"image\" itemscope=\"itemscope\" itemtype=\"https:\/\/schema.org\/ImageObject\" ><ul class='avia-slideshow-inner ' style='padding-bottom: 33.43701399689%;'><li  class='avia-slideshow-slide av-kqtkaz7x-7a4c569182a61a47ed552fe6bde71fa7__0  av-single-slide slide-1 slide-odd'><div data-rel='slideshow-1' class='avia-slide-wrap '   ><img decoding=\"async\" fetchpriority=\"high\" class=\"wp-image-3710 avia-img-lazy-loading-not-3710\"  src=\"https:\/\/lavana.ch\/wp-content\/uploads\/2021\/07\/kontakt-bg-1286x430.jpg\" width=\"1286\" height=\"430\" title='kontakt-bg' alt=''  itemprop=\"thumbnailUrl\"   \/><\/div><\/li><\/ul><\/div><\/div>\n\n<style type=\"text\/css\" data-created_by=\"avia_inline_auto\" id=\"style-css-av-1euqhqb-838728156f08123dc8c30c116478c20d\">\n.avia-section.av-1euqhqb-838728156f08123dc8c30c116478c20d{\nmargin-top:20px;\nmargin-bottom:0px;\n}\n<\/style>\n<div id='av_section_1'  class='avia-section av-1euqhqb-838728156f08123dc8c30c116478c20d main_color avia-section-default avia-no-border-styling  avia-builder-el-1  el_after_av_slideshow_full  el_before_av_layout_row  avia-bg-style-scroll container_wrap fullsize'  ><div class='container av-section-cont-open' ><div class='template-page content  av-content-full alpha units'><div class='post-entry post-entry-type-page post-entry-19620'><div class='entry-content-wrapper clearfix'>\n\n<style type=\"text\/css\" data-created_by=\"avia_inline_auto\" id=\"style-css-av-1d4yrpv-972932a33aba6eb84daf0d609efa0aa3\">\n#top .flex_column.av-1d4yrpv-972932a33aba6eb84daf0d609efa0aa3{\nmargin-top:0px;\nmargin-bottom:0px;\n}\n.flex_column.av-1d4yrpv-972932a33aba6eb84daf0d609efa0aa3{\nborder-radius:0px 0px 0px 0px;\npadding:0px 0px 0px 0px;\n}\n.responsive #top #wrap_all .flex_column.av-1d4yrpv-972932a33aba6eb84daf0d609efa0aa3{\nmargin-top:0px;\nmargin-bottom:0px;\n}\n<\/style>\n<div  class='flex_column av-1d4yrpv-972932a33aba6eb84daf0d609efa0aa3 av_three_fifth  avia-builder-el-2  el_before_av_two_fifth  avia-builder-el-first  first flex_column_div av-zero-column-padding  '     ><p>\n<style type=\"text\/css\" data-created_by=\"avia_inline_auto\" id=\"style-css-av-kqtkc6s8-172ad0ab2486b7c254a7300c4dae2519\">\n#top .av-special-heading.av-kqtkc6s8-172ad0ab2486b7c254a7300c4dae2519{\npadding-bottom:10px;\ncolor:#7c124a;\n}\nbody .av-special-heading.av-kqtkc6s8-172ad0ab2486b7c254a7300c4dae2519 .av-special-heading-tag .heading-char{\nfont-size:25px;\n}\n.av-special-heading.av-kqtkc6s8-172ad0ab2486b7c254a7300c4dae2519 .special-heading-inner-border{\nborder-color:#7c124a;\n}\n.av-special-heading.av-kqtkc6s8-172ad0ab2486b7c254a7300c4dae2519 .av-subheading{\nfont-size:15px;\n}\n<\/style>\n<div  class='av-special-heading av-kqtkc6s8-172ad0ab2486b7c254a7300c4dae2519 av-special-heading-h2 custom-color-heading blockquote modern-quote  avia-builder-el-3  el_before_av_hr  avia-builder-el-first '><h2 class='av-special-heading-tag '  itemprop=\"headline\"  >Demandes des concessionnaires<\/h2><div class=\"special-heading-border\"><div class=\"special-heading-inner-border\"><\/div><\/div><\/div><br \/>\n\n<style type=\"text\/css\" data-created_by=\"avia_inline_auto\" id=\"style-css-av-kqtmdm0c-84e135ea7d6df442e977019fa0b4fec4\">\n#top .hr.hr-invisible.av-kqtmdm0c-84e135ea7d6df442e977019fa0b4fec4{\nheight:20px;\n}\n<\/style>\n<div  class='hr av-kqtmdm0c-84e135ea7d6df442e977019fa0b4fec4 hr-invisible  avia-builder-el-4  el_after_av_heading  el_before_av_textblock '><span class='hr-inner '><span class=\"hr-inner-style\"><\/span><\/span><\/div><br \/>\n<section  class='av_textblock_section av-kqtl2j7w-568ad80f142e0463481cce05f6046d1f '   itemscope=\"itemscope\" itemtype=\"https:\/\/schema.org\/CreativeWork\" ><div class='avia_textblock'  itemprop=\"text\" >\n<div class=\"wpcf7 no-js\" id=\"wpcf7-f19713-o1\" lang=\"en-US\" dir=\"ltr\" data-wpcf7-id=\"19713\">\n<div class=\"screen-reader-response\"><p role=\"status\" aria-live=\"polite\" aria-atomic=\"true\"><\/p> <ul><\/ul><\/div>\n<form action=\"\/fr\/wp-json\/wp\/v2\/pages\/19620#wpcf7-f19713-o1\" method=\"post\" class=\"wpcf7-form init\" aria-label=\"Contact form\" novalidate=\"novalidate\" data-status=\"init\">\n<fieldset class=\"hidden-fields-container\"><input type=\"hidden\" name=\"_wpcf7\" value=\"19713\" \/><input type=\"hidden\" name=\"_wpcf7_version\" value=\"6.1.2\" \/><input type=\"hidden\" name=\"_wpcf7_locale\" value=\"en_US\" \/><input type=\"hidden\" name=\"_wpcf7_unit_tag\" value=\"wpcf7-f19713-o1\" \/><input type=\"hidden\" name=\"_wpcf7_container_post\" value=\"0\" \/><input type=\"hidden\" name=\"_wpcf7_posted_data_hash\" value=\"\" \/><input type=\"hidden\" name=\"_wpcf7_recaptcha_response\" value=\"\" \/>\n<\/fieldset>\n<div class=\"contact-form\">\n\t<div class=\"row-cf\">\n\t\t<p><span class=\"wpcf7-form-control-wrap\" data-name=\"category\"><select class=\"wpcf7-form-control wpcf7-select\" aria-invalid=\"false\" name=\"category\"><option value=\"S\u00c9LECTIONNER LA BRANCHE\">S\u00c9LECTIONNER LA BRANCHE<\/option><option value=\"Dormir\">Dormir<\/option><option value=\"Bain\">Bain<\/option><option value=\"Cuisine\">Cuisine<\/option><\/select><\/span>\n\t\t<\/p>\n\t<\/div>\n\t<div class=\"row-cf\">\n\t\t<p><span class=\"wpcf7-form-control-wrap\" data-name=\"firma\"><input size=\"40\" maxlength=\"400\" class=\"wpcf7-form-control wpcf7-text wpcf7-validates-as-required\" aria-required=\"true\" aria-invalid=\"false\" placeholder=\"ENTREPRISE*\" value=\"\" type=\"text\" name=\"firma\" \/><\/span>\n\t\t<\/p>\n\t<\/div>\n\t<div class=\"row-cf\">\n\t\t<div class=\"coll-cf\">\n\t\t\t<p><span class=\"wpcf7-form-control-wrap\" data-name=\"name\"><input size=\"40\" maxlength=\"400\" class=\"wpcf7-form-control wpcf7-text wpcf7-validates-as-required\" aria-required=\"true\" aria-invalid=\"false\" placeholder=\"NOM*\" value=\"\" type=\"text\" name=\"name\" \/><\/span>\n\t\t\t<\/p>\n\t\t<\/div>\n\t\t<div class=\"coll-cf\">\n\t\t\t<p><span class=\"wpcf7-form-control-wrap\" data-name=\"surname\"><input size=\"40\" maxlength=\"400\" class=\"wpcf7-form-control wpcf7-text wpcf7-validates-as-required\" aria-required=\"true\" aria-invalid=\"false\" placeholder=\"PR\u00c9NOM*\" value=\"\" type=\"text\" name=\"surname\" \/><\/span>\n\t\t\t<\/p>\n\t\t<\/div>\n\t<\/div>\n\t<div class=\"row-cf\">\n\t\t<div class=\"coll-cf\">\n\t\t\t<p><span class=\"wpcf7-form-control-wrap\" data-name=\"email\"><input size=\"40\" maxlength=\"400\" class=\"wpcf7-form-control wpcf7-text wpcf7-validates-as-required\" aria-required=\"true\" aria-invalid=\"false\" placeholder=\"ADRESSE E-MAIL*\" value=\"\" type=\"text\" name=\"email\" \/><\/span>\n\t\t\t<\/p>\n\t\t<\/div>\n\t\t<div class=\"coll-cf\">\n\t\t\t<p><span class=\"wpcf7-form-control-wrap\" data-name=\"phone\"><input size=\"40\" maxlength=\"400\" class=\"wpcf7-form-control wpcf7-text wpcf7-validates-as-required\" aria-required=\"true\" aria-invalid=\"false\" placeholder=\"NUM\u00c9RO DE T\u00c9L\u00c9PHONE*\" value=\"\" type=\"text\" name=\"phone\" \/><\/span>\n\t\t\t<\/p>\n\t\t<\/div>\n\t<\/div>\n\t<div class=\"row-cf\">\n\t\t<p><span class=\"wpcf7-form-control-wrap\" data-name=\"message\"><textarea cols=\"40\" rows=\"10\" maxlength=\"2000\" class=\"wpcf7-form-control wpcf7-textarea\" aria-invalid=\"false\" placeholder=\"DEMANDE\" name=\"message\"><\/textarea><\/span>\n\t\t<\/p>\n\t<\/div>\n\t<div class=\"row-cf row-newsletter-checkbox\">\n\t\t<p><span class=\"wpcf7-form-control-wrap\" data-name=\"newsletter\"><span class=\"wpcf7-form-control wpcf7-checkbox\"><span class=\"wpcf7-list-item first last\"><input type=\"checkbox\" name=\"newsletter[]\" value=\"S\u2019abonner \u00e0 la newsletter\" \/><span class=\"wpcf7-list-item-label\">S\u2019abonner \u00e0 la newsletter<\/span><\/span><\/span><\/span>\n\t\t<\/p>\n\t<\/div>\n\t<div class=\"row-cf\">\n\t\t<div class=\"coll-cf\">\n\t\t<span class=\"wpcf7-form-control-wrap recaptcha\" data-name=\"recaptcha\"><span data-sitekey=\"6LfNcQ8cAAAAAGI7M9PrpvT-DF_4r8-6iZt5dW7h\" class=\"wpcf7-form-control wpcf7-recaptcha g-recaptcha\"><\/span>\r\n<noscript>\r\n\t<div class=\"grecaptcha-noscript\">\r\n\t\t<iframe loading=\"lazy\" src=\"https:\/\/www.google.com\/recaptcha\/api\/fallback?k=6LfNcQ8cAAAAAGI7M9PrpvT-DF_4r8-6iZt5dW7h\" frameborder=\"0\" scrolling=\"no\" width=\"310\" height=\"430\">\r\n\t\t<\/iframe>\r\n\t\t<textarea name=\"g-recaptcha-response\" rows=\"3\" cols=\"40\" placeholder=\"reCaptcha Response Here\">\r\n\t\t<\/textarea>\r\n\t<\/div>\r\n<\/noscript>\r\n<\/span>\n\t\t<\/div>\n\t\t<div class=\"coll-cf\">\n\t\t\t<p><input class=\"wpcf7-form-control wpcf7-submit has-spinner\" type=\"submit\" value=\"ENVOYER\" \/>\n\t\t\t<\/p>\n\t\t<\/div>\n\t<\/div>\n<\/div><div class=\"wpcf7-response-output\" aria-hidden=\"true\"><\/div>\n<\/form>\n<\/div>\n\n<\/div><\/section><\/p><\/div>\n<style type=\"text\/css\" data-created_by=\"avia_inline_auto\" id=\"style-css-av-19hu1qb-e36c356eda9621747d2c6859eb7a796b\">\n#top .flex_column.av-19hu1qb-e36c356eda9621747d2c6859eb7a796b{\nmargin-top:0px;\nmargin-bottom:0px;\n}\n.flex_column.av-19hu1qb-e36c356eda9621747d2c6859eb7a796b{\nborder-radius:0px 0px 0px 0px;\npadding:0px 0px 0px 0px;\n}\n.responsive #top #wrap_all .flex_column.av-19hu1qb-e36c356eda9621747d2c6859eb7a796b{\nmargin-top:0px;\nmargin-bottom:0px;\n}\n<\/style>\n<div  class='flex_column av-19hu1qb-e36c356eda9621747d2c6859eb7a796b av_two_fifth  avia-builder-el-6  el_after_av_three_fifth  avia-builder-el-last  flex_column_div  '     ><p>\n<style type=\"text\/css\" data-created_by=\"avia_inline_auto\" id=\"style-css-av-4fcqmb-af06052e68cfc14c0974174750bfe0a6\">\n#top .av-special-heading.av-4fcqmb-af06052e68cfc14c0974174750bfe0a6{\npadding-bottom:10px;\ncolor:#7c124a;\n}\nbody .av-special-heading.av-4fcqmb-af06052e68cfc14c0974174750bfe0a6 .av-special-heading-tag .heading-char{\nfont-size:25px;\n}\n.av-special-heading.av-4fcqmb-af06052e68cfc14c0974174750bfe0a6 .special-heading-inner-border{\nborder-color:#7c124a;\n}\n.av-special-heading.av-4fcqmb-af06052e68cfc14c0974174750bfe0a6 .av-subheading{\nfont-size:15px;\n}\n<\/style>\n<div  class='av-special-heading av-4fcqmb-af06052e68cfc14c0974174750bfe0a6 av-special-heading-h2 custom-color-heading blockquote modern-quote  avia-builder-el-7  el_before_av_textblock  avia-builder-el-first '><h2 class='av-special-heading-tag '  itemprop=\"headline\"  >Lavana Textil AG<\/h2><div class=\"special-heading-border\"><div class=\"special-heading-inner-border\"><\/div><\/div><\/div><br \/>\n<section  class='av_textblock_section av-16pw84j-bcdfb3dcdef7ec3d55f41ccaa1da7b97 '   itemscope=\"itemscope\" itemtype=\"https:\/\/schema.org\/CreativeWork\" ><div class='avia_textblock'  itemprop=\"text\" ><p>Motorenstrasse 100<br \/>\nCase postale<br \/>\n8620 Wetzikon ZH 1<\/p>\n<p>M info@lavana.ch<br \/>\nT + 41 44 931 17 00<br \/>\nF + 41 44 931 17 09<\/p>\n<\/div><\/section><\/p><\/div><\/div><\/div><\/div><!-- close content main div --><\/div><\/div><div id='av-layout-grid-1'  class='av-layout-grid-container av-43dxcz-ecc5c9c2be4b38b58c03c3909aebac4e entry-content-wrapper main_color av-flex-cells  avia-builder-el-9  el_after_av_section  avia-builder-el-last  grid-row-not-first  container_wrap fullsize'  >\n\n<style type=\"text\/css\" data-created_by=\"avia_inline_auto\" id=\"style-css-av-1w9ms3-092745cc9160cee9cd398be3f4eab424\">\n.flex_cell.av-1w9ms3-092745cc9160cee9cd398be3f4eab424{\nvertical-align:top;\n}\n.responsive #top #wrap_all .flex_cell.av-1w9ms3-092745cc9160cee9cd398be3f4eab424{\npadding:0px 0px 0px 0px !important;\n}\n<\/style>\n<div class='flex_cell av-1w9ms3-092745cc9160cee9cd398be3f4eab424 av-gridrow-cell av_one_full no_margin  avia-builder-el-10  avia-builder-el-no-sibling  content-align-top av-zero-padding'  ><div class='flex_cell_inner'><div  class='av_gmaps_sc_main_wrap av_gmaps_main_wrap '><div id='av_gmap_0' class='avia-google-map-container avia-google-map-sc av_gmaps_show_unconditionally av-no-fallback-img ' data-mapid='av_gmap_0'  style='height: 400px;'><a class=\"av_gmaps_browser_disabled av_text_confirm_link av_text_confirm_link_visible\" href=\"https:\/\/www.google.com\/maps\/search\/?api=1&#038;query=Motorenstrasse%20100,%208620%20Wetzikon,%20ZH,%20Switzerland\" target=\"_blank\">Les cartes ont \u00e9t\u00e9 d\u00e9sactiv\u00e9es par le visiteur sur ce site. Cliquer pour ouvrir la carte dans une nouvelle fen\u00eatre.<\/a><\/div><\/div>\n<\/div><\/div>\n<\/div><\/p>\n","protected":false},"excerpt":{"rendered":"","protected":false},"author":1,"featured_media":0,"parent":0,"menu_order":0,"comment_status":"closed","ping_status":"closed","template":"","meta":{"footnotes":""},"class_list":["post-19620","page","type-page","status-publish","hentry"],"_links":{"self":[{"href":"https:\/\/lavana.ch\/fr\/wp-json\/wp\/v2\/pages\/19620","targetHints":{"allow":["GET"]}}],"collection":[{"href":"https:\/\/lavana.ch\/fr\/wp-json\/wp\/v2\/pages"}],"about":[{"href":"https:\/\/lavana.ch\/fr\/wp-json\/wp\/v2\/types\/page"}],"author":[{"embeddable":true,"href":"https:\/\/lavana.ch\/fr\/wp-json\/wp\/v2\/users\/1"}],"replies":[{"embeddable":true,"href":"https:\/\/lavana.ch\/fr\/wp-json\/wp\/v2\/comments?post=19620"}],"version-history":[{"count":5,"href":"https:\/\/lavana.ch\/fr\/wp-json\/wp\/v2\/pages\/19620\/revisions"}],"predecessor-version":[{"id":19716,"href":"https:\/\/lavana.ch\/fr\/wp-json\/wp\/v2\/pages\/19620\/revisions\/19716"}],"wp:attachment":[{"href":"https:\/\/lavana.ch\/fr\/wp-json\/wp\/v2\/media?parent=19620"}],"curies":[{"name":"wp","href":"https:\/\/api.w.org\/{rel}","templated":true}]}}