







{"id":4172,"date":"2021-07-06T14:51:13","date_gmt":"2021-07-06T14:51:13","guid":{"rendered":"https:\/\/xubibavu.cyon.site\/agbs\/"},"modified":"2022-01-20T20:07:11","modified_gmt":"2022-01-20T20:07:11","slug":"cgv","status":"publish","type":"page","link":"https:\/\/lavana.ch\/fr\/cgv\/","title":{"rendered":"CGV"},"content":{"rendered":"\n<style type=\"text\/css\" data-created_by=\"avia_inline_auto\" id=\"style-css-av-kr0h8bnh-db0f93f2966a1a349a2eb1b27e5bc039\">\n.avia-section.av-kr0h8bnh-db0f93f2966a1a349a2eb1b27e5bc039{\nbackground-repeat:no-repeat;\nbackground-image:url(https:\/\/lavana.ch\/wp-content\/uploads\/2021\/07\/agbs-bg.jpg);\nbackground-position:50% 50%;\nbackground-attachment:scroll;\n}\n<\/style>\n<div id='av_section_1'  class='avia-section av-kr0h8bnh-db0f93f2966a1a349a2eb1b27e5bc039 main_color avia-section-large avia-no-border-styling  avia-builder-el-0  el_before_av_section  avia-builder-el-first  avia-full-stretch avia-bg-style-scroll container_wrap fullsize'  data-section-bg-repeat='stretch'><div class='container av-section-cont-open' ><main  role=\"main\" itemprop=\"mainContentOfPage\"  class='template-page content  av-content-full alpha units'><div class='post-entry post-entry-type-page post-entry-4172'><div class='entry-content-wrapper clearfix'>\n\n<style type=\"text\/css\" data-created_by=\"avia_inline_auto\" id=\"style-css-av-kr0h95r0-883fca62686904b06405c285c009a0e3\">\n#top .av-special-heading.av-kr0h95r0-883fca62686904b06405c285c009a0e3{\npadding-bottom:0;\ncolor:#ffffff;\n}\nbody .av-special-heading.av-kr0h95r0-883fca62686904b06405c285c009a0e3 .av-special-heading-tag .heading-char{\nfont-size:25px;\n}\n.av-special-heading.av-kr0h95r0-883fca62686904b06405c285c009a0e3 .special-heading-inner-border{\nborder-color:#ffffff;\n}\n.av-special-heading.av-kr0h95r0-883fca62686904b06405c285c009a0e3 .av-subheading{\nfont-size:15px;\n}\n<\/style>\n<div  class='av-special-heading av-kr0h95r0-883fca62686904b06405c285c009a0e3 av-special-heading-h1 custom-color-heading blockquote modern-quote modern-centered  avia-builder-el-1  avia-builder-el-no-sibling '><h1 class='av-special-heading-tag '  itemprop=\"headline\"  >Conditions g\u00e9n\u00e9rales de vente (CGV)<\/h1><div class=\"special-heading-border\"><div class=\"special-heading-inner-border\"><\/div><\/div><\/div>\n<\/div><\/div><\/main><!-- close content main element --><\/div><\/div><div id='av_section_2'  class='avia-section av-kr0htm65-73fc18e00a22c8f204a68e8d64f6e0d3 main_color avia-section-default avia-no-border-styling  avia-builder-el-2  el_after_av_section  avia-builder-el-last  avia-bg-style-scroll container_wrap fullsize'  ><div class='container av-section-cont-open' ><div class='template-page content  av-content-full alpha units'><div class='post-entry post-entry-type-page post-entry-4172'><div class='entry-content-wrapper clearfix'>\n<section  class='av_textblock_section av-kr0hedm6-752826758ee9c8f3cc5a5e81bc07c490 '   itemscope=\"itemscope\" itemtype=\"https:\/\/schema.org\/CreativeWork\" ><div class='avia_textblock'  itemprop=\"text\" ><p class=\"p1\"><b>Validit\u00e9 des conditions<\/b><\/p>\n<p class=\"p3\">Les pr\u00e9sentes conditions g\u00e9n\u00e9rales de vente (ci-apr\u00e8s \u00ab\u00a0CGV\u00a0\u00bb) s\u2019appliquent \u00e0 toutes les commandes re\u00e7ues par Lavana Textil AG par \u00e9crit, par t\u00e9l\u00e9phone ou via la boutique en ligne. La passation d\u2019une commande vaut acceptation des CGV.<\/p>\n<p class=\"p1\"><b>Pr\u00e9requis pour la collaboration<\/b><\/p>\n<p class=\"p3\">Pour pouvoir collaborer avec Lavana Textil AG, le client doit tenir un commerce. Lavana Textil AG ne livre pas les particuliers, mais les adresse \u00e0 un revendeur.<\/p>\n<p class=\"p1\"><b>Offre de produits et conclusion du contrat<\/b><\/p>\n<p class=\"p3\">Vous pouvez passer commande aupr\u00e8s de Lavana Textil AG en utilisant les canaux suivants\u00a0:<\/p>\n<ul class=\"ul1\">\n<li class=\"li3\">boutique en ligne<\/li>\n<li class=\"li3\">e-mail<\/li>\n<li class=\"li3\">fax<\/li>\n<li class=\"li3\">t\u00e9l\u00e9phone<\/li>\n<\/ul>\n<p class=\"p3\">Tous les renseignements au sujet des produits pr\u00e9sent\u00e9s sur notre site Web s\u2019entendent sans engagement. Le contrat d\u2019achat est conclu \u00e0 l\u2019initiative du client.<\/p>\n<p class=\"p3\">Apr\u00e8s avoir envoy\u00e9 la commande en ligne, le client re\u00e7oit automatiquement un e-mail \u00e0 l\u2019adresse \u00e9lectronique qu\u2019il a indiqu\u00e9. Cette confirmation sert uniquement \u00e0 l\u2019informer que nous avons bien re\u00e7u sa commande.<\/p>\n<p class=\"p3\">Le contrat n\u2019est conclu que pour les articles qui sont express\u00e9ment mentionn\u00e9s dans notre facture ou notre confirmation d\u2019exp\u00e9dition. Celle-ci d\u00e9termine \u00e9galement de mani\u00e8re d\u00e9finitive l\u2019\u00e9tendue de la prestation.<\/p>\n<p class=\"p1\"><b>Disponibilit\u00e9 des articles<\/b><\/p>\n<p class=\"p3\">Nous nous procurons nos articles dans le monde entier. Nous avons \u00e0 c\u0153ur d\u2019assurer la disponibilit\u00e9, au bon moment et dans les quantit\u00e9s requises, de l\u2019ensemble de l\u2019assortiment pour nos clients. Il peut malgr\u00e9 tout arriver que certains articles soient temporairement ou d\u00e9finitivement en rupture de stock en raison d\u2019une forte demande.<\/p>\n<p class=\"p3\">Nous informons les clients des retards ou des impossibilit\u00e9s de livraison dans les meilleurs d\u00e9lais.<\/p>\n<p class=\"p3\">Ces retards ou impossibilit\u00e9s ne peuvent donner lieu \u00e0 des demandes de dommages-int\u00e9r\u00eats. Lavana Textil AG peut se retirer \u00e0 tout moment du contrat d\u2019achat sans avoir \u00e0 se justifier.<\/p>\n<p class=\"p5\"><b>Livraison<\/b><\/p>\n<p class=\"p3\">Lavana Textil AG livre les commandes dans toute la Suisse par messagerie ou transporteur partenaire. Le client doit donc s\u2019assurer d\u2019\u00eatre en mesure de r\u00e9ceptionner personnellement la livraison.<\/p>\n<p class=\"p3\">Le d\u00e9lai entre la r\u00e9ception de la commande par nos services et sa livraison est g\u00e9n\u00e9ralement de 48\u00a0heures. Il peut toutefois \u00eatre plus long lorsque nous sommes confront\u00e9s \u00e0 des volumes de commande importants.<\/p>\n<p class=\"p1\"><b>Prix<\/b><\/p>\n<p class=\"p3\">Tous les prix sont indiqu\u00e9s en francs suisses, hors TVA.<span class=\"Apple-converted-space\">\u00a0<\/span><\/p>\n<p class=\"p3\">Nous appliquons un montant minimal de commande de CHF\u00a0150.\u2013 hors TVA pour une livraison franco de port. Si la valeur de la marchandise command\u00e9e est inf\u00e9rieure \u00e0 CHF\u00a0150.\u2013 hors TVA, nous facturons un suppl\u00e9ment pour petite quantit\u00e9 de CHF\u00a015.\u2013 hors TVA pour le traitement et le port.<\/p>\n<p class=\"p3\">Ce suppl\u00e9ment n\u2019est factur\u00e9 qu\u2019une seule fois par commande, m\u00eame si la livraison comporte plusieurs envois pour des raisons logistiques.<\/p>\n<p class=\"p1\"><b>Taxe sur la valeur ajout\u00e9e<span class=\"Apple-converted-space\">\u00a0<\/span><\/b><\/p>\n<p class=\"p3\">Tous les prix et suppl\u00e9ments s\u2019entendent hors TVA l\u00e9gale en vigueur.<\/p>\n<p class=\"p1\"><b>Facturation<\/b><\/p>\n<p class=\"p3\">La livraison est effectu\u00e9e contre paiement anticip\u00e9 ou contre facture.<\/p>\n<p class=\"p3\">Les factures sont payables conform\u00e9ment aux conditions de paiement indiqu\u00e9es.<\/p>\n<p class=\"p3\">La marchandise livr\u00e9e reste la propri\u00e9t\u00e9 de Lavana Textil AG jusqu\u2019\u00e0 son paiement int\u00e9gral. Les escomptes d\u00e9duits de mani\u00e8re injustifi\u00e9e seront factur\u00e9s ult\u00e9rieurement.<\/p>\n<p class=\"p1\"><b>Retard de paiement<\/b><\/p>\n<p class=\"p3\">En cas de retard de paiement, Lavana Textil AG se r\u00e9serve le droit de facturer des int\u00e9r\u00eats moratoires de 5\u00a0%, m\u00eame sans rappel pr\u00e9alable, et des frais de CHF\u00a020.\u2013 par rappel. La cr\u00e9ance peut \u00eatre confi\u00e9e ou c\u00e9d\u00e9e \u00e0 une soci\u00e9t\u00e9 de recouvrement. Les frais suppl\u00e9mentaires qui en r\u00e9sultent seront refactur\u00e9s au client.<\/p>\n<p class=\"p1\"><b>R\u00e9clamations<\/b><\/p>\n<p class=\"p3\">Lavana Textil AG attache une grande importance \u00e0 garantir une livraison impeccable au client.<span class=\"Apple-converted-space\">\u00a0<\/span><\/p>\n<p class=\"p3\">\u00c0 r\u00e9ception, il appartient au client de v\u00e9rifier que la livraison est compl\u00e8te et la marchandise en bon \u00e9tat. Les \u00e9ventuelles r\u00e9clamations doivent \u00eatre effectu\u00e9es dans un d\u00e9lai de 5\u00a0jours ouvrables. Dans le cas contraire, la livraison est r\u00e9put\u00e9e accept\u00e9e.<\/p>\n<p class=\"p3\">Les diff\u00e9rences de teintes peuvent r\u00e9sulter du moniteur et de la technique photographique utilis\u00e9s et ne constituent pas un d\u00e9faut.<\/p>\n<p class=\"p3\">Ne peuvent repris les articles\u00a0:<\/p>\n<ul class=\"ul1\">\n<li class=\"li3\">produits ou confectionn\u00e9s selon les sp\u00e9cifications particuli\u00e8res du client\u00a0;<\/li>\n<li class=\"li3\">entrepos\u00e9s, manipul\u00e9s ou utilis\u00e9s de fa\u00e7on inappropri\u00e9e\u00a0;<\/li>\n<li class=\"li3\">non conformes aux r\u00e8gles d\u2019hygi\u00e8ne.<\/li>\n<\/ul>\n<p class=\"p3\">Les articles livr\u00e9s par Lavana Textil AG peuvent, avec son accord, \u00eatre retourn\u00e9s dans leur emballage d\u2019origine sous 14\u00a0jours.<\/p>\n<p class=\"p1\"><b>Copyright<\/b><\/p>\n<p class=\"p3\">Les illustrations et toutes les photos sont la propri\u00e9t\u00e9 de Lavana Textil AG. Toute utilisation abusive pourra faire l\u2019objet de poursuites judiciaires.<\/p>\n<p class=\"p1\"><b>Modification des CGV<\/b><\/p>\n<p class=\"p3\">Lavana Textil AG se r\u00e9serve le droit de modifier \u00e0 tout moment les pr\u00e9sentes CGV. Les modifications seront publi\u00e9es.<\/p>\n<p class=\"p1\"><b>Droit applicable et lieu d\u2019ex\u00e9cution<\/b><\/p>\n<p class=\"p3\">Les pr\u00e9sentes conditions g\u00e9n\u00e9rales de vente sont r\u00e9gies par le droit suisse. Le for juridique est \u00e0 Wetzikon.<\/p>\n<p class=\"p3\">Le lieu d\u2019ex\u00e9cution est le si\u00e8ge social de Lavana Textil AG, Motorenstrasse 100, 8620 Wetzikon.<\/p>\n<p class=\"p3\">Mars\u00a02021<\/p>\n<\/div><\/section>\n<\/p>\n","protected":false},"excerpt":{"rendered":"","protected":false},"author":1,"featured_media":0,"parent":0,"menu_order":0,"comment_status":"closed","ping_status":"closed","template":"","meta":{"footnotes":""},"class_list":["post-4172","page","type-page","status-publish","hentry"],"_links":{"self":[{"href":"https:\/\/lavana.ch\/fr\/wp-json\/wp\/v2\/pages\/4172","targetHints":{"allow":["GET"]}}],"collection":[{"href":"https:\/\/lavana.ch\/fr\/wp-json\/wp\/v2\/pages"}],"about":[{"href":"https:\/\/lavana.ch\/fr\/wp-json\/wp\/v2\/types\/page"}],"author":[{"embeddable":true,"href":"https:\/\/lavana.ch\/fr\/wp-json\/wp\/v2\/users\/1"}],"replies":[{"embeddable":true,"href":"https:\/\/lavana.ch\/fr\/wp-json\/wp\/v2\/comments?post=4172"}],"version-history":[{"count":3,"href":"https:\/\/lavana.ch\/fr\/wp-json\/wp\/v2\/pages\/4172\/revisions"}],"predecessor-version":[{"id":19710,"href":"https:\/\/lavana.ch\/fr\/wp-json\/wp\/v2\/pages\/4172\/revisions\/19710"}],"wp:attachment":[{"href":"https:\/\/lavana.ch\/fr\/wp-json\/wp\/v2\/media?parent=4172"}],"curies":[{"name":"wp","href":"https:\/\/api.w.org\/{rel}","templated":true}]}}