







{"id":20661,"date":"2021-08-10T19:11:06","date_gmt":"2021-08-10T19:11:06","guid":{"rendered":"https:\/\/xubibavu.cyon.site\/produkt\/bath-fashion-frottierwaesche-6\/"},"modified":"2025-07-10T14:53:52","modified_gmt":"2025-07-10T14:53:52","slug":"bath-fashion-frottierwaesche-6","status":"publish","type":"product","link":"https:\/\/lavana.ch\/fr\/produit\/bath-fashion-frottierwaesche-6\/","title":{"rendered":"Bath Fashion linge de bain, drap de bain 100&#215;150"},"content":{"rendered":"","protected":false},"excerpt":{"rendered":"<p class=\"p1\">Mati\u00e8re\u00a0: 100\u00a0% coton peign\u00e9, tissu-\u00e9ponge foul\u00e9, 480\u00a0g\/m<span class=\"s1\"><sup>2<\/sup><\/span><\/p>\n<p>Couleurs \u00e9puis\u00e9es : rouge, bleu acier, violett, vanille, menthe, p\u00e9trole, mocca, marron, orange<\/p>\n<p>La couleur blanche n&#8217;est actuellement pas disponible, la date de livraison n&#8217;est pas encore fix\u00e9e.<\/p>\n","protected":false},"featured_media":30122,"template":"","meta":[],"product_brand":[2745],"product_cat":[889,888,908],"product_tag":[],"class_list":{"0":"post-20661","1":"product","2":"type-product","3":"status-publish","4":"has-post-thumbnail","6":"product_brand-bath-fashion-fr","7":"product_cat-bain-fr","8":"product_cat-linge-de-bain","9":"product_cat-bath-fashion-linge-de-bain","11":"first","12":"instock","13":"taxable","14":"shipping-taxable","15":"purchasable","16":"product-type-variable"},"_links":{"self":[{"href":"https:\/\/lavana.ch\/fr\/wp-json\/wp\/v2\/product\/20661","targetHints":{"allow":["GET"]}}],"collection":[{"href":"https:\/\/lavana.ch\/fr\/wp-json\/wp\/v2\/product"}],"about":[{"href":"https:\/\/lavana.ch\/fr\/wp-json\/wp\/v2\/types\/product"}],"wp:featuredmedia":[{"embeddable":true,"href":"https:\/\/lavana.ch\/fr\/wp-json\/wp\/v2\/media\/30122"}],"wp:attachment":[{"href":"https:\/\/lavana.ch\/fr\/wp-json\/wp\/v2\/media?parent=20661"}],"wp:term":[{"taxonomy":"product_brand","embeddable":true,"href":"https:\/\/lavana.ch\/fr\/wp-json\/wp\/v2\/product_brand?post=20661"},{"taxonomy":"product_cat","embeddable":true,"href":"https:\/\/lavana.ch\/fr\/wp-json\/wp\/v2\/product_cat?post=20661"},{"taxonomy":"product_tag","embeddable":true,"href":"https:\/\/lavana.ch\/fr\/wp-json\/wp\/v2\/product_tag?post=20661"}],"curies":[{"name":"wp","href":"https:\/\/api.w.org\/{rel}","templated":true}]}}