







{"id":20852,"date":"2021-08-10T19:10:43","date_gmt":"2021-08-10T19:10:43","guid":{"rendered":"https:\/\/xubibavu.cyon.site\/produkt\/algarve-frottierwaesche-7\/"},"modified":"2025-03-12T14:41:58","modified_gmt":"2025-03-12T14:41:58","slug":"algarve-frottierwaesche-7","status":"publish","type":"product","link":"https:\/\/lavana.ch\/fr\/produit\/algarve-frottierwaesche-7\/","title":{"rendered":"Algarve linge de bain, linge de sauna 100&#215;200"},"content":{"rendered":"","protected":false},"excerpt":{"rendered":"<p class=\"p1\">Mati\u00e8re\u00a0: 100\u00a0% coton peign\u00e9, tissu-\u00e9ponge foul\u00e9, 480\u00a0g\/m<span class=\"s1\"><sup>2<\/sup><\/span><\/p>\n","protected":false},"featured_media":16708,"template":"","meta":[],"product_brand":[2746],"product_cat":[889,888,907],"product_tag":[],"class_list":{"0":"post-20852","1":"product","2":"type-product","3":"status-publish","4":"has-post-thumbnail","6":"product_brand-frottierwasche-fr","7":"product_cat-bain-fr","8":"product_cat-linge-de-bain","9":"product_cat-algarve-linge-de-bain","11":"first","12":"instock","13":"taxable","14":"shipping-taxable","15":"purchasable","16":"product-type-variable"},"_links":{"self":[{"href":"https:\/\/lavana.ch\/fr\/wp-json\/wp\/v2\/product\/20852","targetHints":{"allow":["GET"]}}],"collection":[{"href":"https:\/\/lavana.ch\/fr\/wp-json\/wp\/v2\/product"}],"about":[{"href":"https:\/\/lavana.ch\/fr\/wp-json\/wp\/v2\/types\/product"}],"wp:featuredmedia":[{"embeddable":true,"href":"https:\/\/lavana.ch\/fr\/wp-json\/wp\/v2\/media\/16708"}],"wp:attachment":[{"href":"https:\/\/lavana.ch\/fr\/wp-json\/wp\/v2\/media?parent=20852"}],"wp:term":[{"taxonomy":"product_brand","embeddable":true,"href":"https:\/\/lavana.ch\/fr\/wp-json\/wp\/v2\/product_brand?post=20852"},{"taxonomy":"product_cat","embeddable":true,"href":"https:\/\/lavana.ch\/fr\/wp-json\/wp\/v2\/product_cat?post=20852"},{"taxonomy":"product_tag","embeddable":true,"href":"https:\/\/lavana.ch\/fr\/wp-json\/wp\/v2\/product_tag?post=20852"}],"curies":[{"name":"wp","href":"https:\/\/api.w.org\/{rel}","templated":true}]}}