







{"id":26942,"date":"2023-06-27T13:03:35","date_gmt":"2023-06-27T13:03:40","guid":{"rendered":"https:\/\/lavana.ch\/?post_type=product&#038;p=26942"},"modified":"2025-11-27T07:01:48","modified_gmt":"2025-11-27T07:01:48","slug":"quadro-linge-de-bain-lavette-30x30-kopie","status":"publish","type":"product","link":"https:\/\/lavana.ch\/fr\/produit\/quadro-linge-de-bain-lavette-30x30-kopie\/","title":{"rendered":"Quadro linge de bain, linge d&#8217;invit\u00e9 30&#215;50"},"content":{"rendered":"","protected":false},"excerpt":{"rendered":"<p class=\"p1\">Mati\u00e8re : 100 % coton peign\u00e9, tissu-\u00e9ponge foul\u00e9 en fil openend , 500 g\/m2, face : tissage en relief carr\u00e9, revers : enti\u00e8rement boucl\u00e9<\/p>\n<p>Couleur bordeaux actuellement indisponible.<\/p>\n","protected":false},"featured_media":26882,"template":"","meta":[],"product_brand":[2739],"product_cat":[889,888,1890],"product_tag":[],"class_list":{"0":"post-26942","1":"product","2":"type-product","3":"status-publish","4":"has-post-thumbnail","6":"product_brand-home-fashion-fr","7":"product_cat-bain-fr","8":"product_cat-linge-de-bain","9":"product_cat-quadro-linge-de-bain","11":"first","12":"instock","13":"taxable","14":"shipping-taxable","15":"purchasable","16":"product-type-variable"},"_links":{"self":[{"href":"https:\/\/lavana.ch\/fr\/wp-json\/wp\/v2\/product\/26942","targetHints":{"allow":["GET"]}}],"collection":[{"href":"https:\/\/lavana.ch\/fr\/wp-json\/wp\/v2\/product"}],"about":[{"href":"https:\/\/lavana.ch\/fr\/wp-json\/wp\/v2\/types\/product"}],"wp:featuredmedia":[{"embeddable":true,"href":"https:\/\/lavana.ch\/fr\/wp-json\/wp\/v2\/media\/26882"}],"wp:attachment":[{"href":"https:\/\/lavana.ch\/fr\/wp-json\/wp\/v2\/media?parent=26942"}],"wp:term":[{"taxonomy":"product_brand","embeddable":true,"href":"https:\/\/lavana.ch\/fr\/wp-json\/wp\/v2\/product_brand?post=26942"},{"taxonomy":"product_cat","embeddable":true,"href":"https:\/\/lavana.ch\/fr\/wp-json\/wp\/v2\/product_cat?post=26942"},{"taxonomy":"product_tag","embeddable":true,"href":"https:\/\/lavana.ch\/fr\/wp-json\/wp\/v2\/product_tag?post=26942"}],"curies":[{"name":"wp","href":"https:\/\/api.w.org\/{rel}","templated":true}]}}