







{"id":27046,"date":"2023-06-27T13:34:57","date_gmt":"2023-06-27T13:35:04","guid":{"rendered":"https:\/\/lavana.ch\/?post_type=product&#038;p=27046"},"modified":"2023-06-27T14:27:12","modified_gmt":"2023-06-27T14:27:12","slug":"quadro-linge-de-bain-drap-de-bain-100x150-kopie","status":"publish","type":"product","link":"https:\/\/lavana.ch\/fr\/produit\/quadro-linge-de-bain-drap-de-bain-100x150-kopie\/","title":{"rendered":"Quadro linge de bain, tapis de bain 60&#215;90"},"content":{"rendered":"","protected":false},"excerpt":{"rendered":"<p class=\"p1\">Mati\u00e8re : 100 % coton peign\u00e9, tissu-\u00e9ponge torsad\u00e9, en fil openend , 750 g\/m2, face : tissage en relief carr\u00e9, revers : enti\u00e8rement boucl\u00e9<\/p>\n","protected":false},"featured_media":26882,"template":"","meta":[],"product_brand":[2739],"product_cat":[889,888,1890],"product_tag":[],"class_list":{"0":"post-27046","1":"product","2":"type-product","3":"status-publish","4":"has-post-thumbnail","6":"product_brand-home-fashion-fr","7":"product_cat-bain-fr","8":"product_cat-linge-de-bain","9":"product_cat-quadro-linge-de-bain","11":"first","12":"instock","13":"taxable","14":"shipping-taxable","15":"purchasable","16":"product-type-variable"},"_links":{"self":[{"href":"https:\/\/lavana.ch\/fr\/wp-json\/wp\/v2\/product\/27046","targetHints":{"allow":["GET"]}}],"collection":[{"href":"https:\/\/lavana.ch\/fr\/wp-json\/wp\/v2\/product"}],"about":[{"href":"https:\/\/lavana.ch\/fr\/wp-json\/wp\/v2\/types\/product"}],"wp:featuredmedia":[{"embeddable":true,"href":"https:\/\/lavana.ch\/fr\/wp-json\/wp\/v2\/media\/26882"}],"wp:attachment":[{"href":"https:\/\/lavana.ch\/fr\/wp-json\/wp\/v2\/media?parent=27046"}],"wp:term":[{"taxonomy":"product_brand","embeddable":true,"href":"https:\/\/lavana.ch\/fr\/wp-json\/wp\/v2\/product_brand?post=27046"},{"taxonomy":"product_cat","embeddable":true,"href":"https:\/\/lavana.ch\/fr\/wp-json\/wp\/v2\/product_cat?post=27046"},{"taxonomy":"product_tag","embeddable":true,"href":"https:\/\/lavana.ch\/fr\/wp-json\/wp\/v2\/product_tag?post=27046"}],"curies":[{"name":"wp","href":"https:\/\/api.w.org\/{rel}","templated":true}]}}