







{"id":27152,"date":"2023-06-29T12:18:31","date_gmt":"2023-06-29T12:19:09","guid":{"rendered":"https:\/\/lavana.ch\/?post_type=product&#038;p=27152"},"modified":"2026-03-31T08:03:37","modified_gmt":"2026-03-31T08:03:37","slug":"schlafgut-casual-bio-jersey-drap-housse-kopie","status":"publish","type":"product","link":"https:\/\/lavana.ch\/fr\/produit\/schlafgut-casual-bio-jersey-drap-housse-kopie\/","title":{"rendered":"Molleton 4-saisons"},"content":{"rendered":"","protected":false},"excerpt":{"rendered":"<p>Face d&#8217;\u00e9t\u00e9: 75% coton\/25% polyester, membrane: 100% polyur\u00e9than, face hiver: 100% coton, avec caoutchouc d&#8217;angle, imperm\u00e9able \u00e0 l&#8217;eau<\/p>\n","protected":false},"featured_media":27280,"template":"","meta":[],"product_brand":[2739],"product_cat":[900,2768,1910],"product_tag":[],"class_list":{"0":"post-27152","1":"product","2":"type-product","3":"status-publish","4":"has-post-thumbnail","6":"product_brand-home-fashion-fr","7":"product_cat-dormir","8":"product_cat-protege-matelas","9":"product_cat-molleton-4-saisons","11":"first","12":"instock","13":"taxable","14":"shipping-taxable","15":"purchasable","16":"product-type-variable"},"_links":{"self":[{"href":"https:\/\/lavana.ch\/fr\/wp-json\/wp\/v2\/product\/27152","targetHints":{"allow":["GET"]}}],"collection":[{"href":"https:\/\/lavana.ch\/fr\/wp-json\/wp\/v2\/product"}],"about":[{"href":"https:\/\/lavana.ch\/fr\/wp-json\/wp\/v2\/types\/product"}],"wp:featuredmedia":[{"embeddable":true,"href":"https:\/\/lavana.ch\/fr\/wp-json\/wp\/v2\/media\/27280"}],"wp:attachment":[{"href":"https:\/\/lavana.ch\/fr\/wp-json\/wp\/v2\/media?parent=27152"}],"wp:term":[{"taxonomy":"product_brand","embeddable":true,"href":"https:\/\/lavana.ch\/fr\/wp-json\/wp\/v2\/product_brand?post=27152"},{"taxonomy":"product_cat","embeddable":true,"href":"https:\/\/lavana.ch\/fr\/wp-json\/wp\/v2\/product_cat?post=27152"},{"taxonomy":"product_tag","embeddable":true,"href":"https:\/\/lavana.ch\/fr\/wp-json\/wp\/v2\/product_tag?post=27152"}],"curies":[{"name":"wp","href":"https:\/\/api.w.org\/{rel}","templated":true}]}}