







{"id":27325,"date":"2023-06-30T07:30:20","date_gmt":"2023-06-30T07:30:23","guid":{"rendered":"https:\/\/lavana.ch\/?post_type=product&#038;p=27325"},"modified":"2026-03-31T08:06:23","modified_gmt":"2026-03-31T08:06:23","slug":"molleton-4-saisons-kopie-2","status":"publish","type":"product","link":"https:\/\/lavana.ch\/fr\/produit\/molleton-4-saisons-kopie-2\/","title":{"rendered":"Molleton piqu\u00e9"},"content":{"rendered":"","protected":false},"excerpt":{"rendered":"<p>Dessus : 100% polyester, dessous : rev\u00eatement de la membrane : 100% polyur\u00e9thane, vec caoutchouc d\u2019angle, imperm\u00e9able \u00e0 l\u2019eau<\/p>\n","protected":false},"featured_media":27341,"template":"","meta":[],"product_brand":[2739],"product_cat":[900,2768,1922],"product_tag":[],"class_list":{"0":"post-27325","1":"product","2":"type-product","3":"status-publish","4":"has-post-thumbnail","6":"product_brand-home-fashion-fr","7":"product_cat-dormir","8":"product_cat-protege-matelas","9":"product_cat-molleton-pique-fr","11":"first","12":"instock","13":"taxable","14":"shipping-taxable","15":"purchasable","16":"product-type-variable"},"_links":{"self":[{"href":"https:\/\/lavana.ch\/fr\/wp-json\/wp\/v2\/product\/27325","targetHints":{"allow":["GET"]}}],"collection":[{"href":"https:\/\/lavana.ch\/fr\/wp-json\/wp\/v2\/product"}],"about":[{"href":"https:\/\/lavana.ch\/fr\/wp-json\/wp\/v2\/types\/product"}],"wp:featuredmedia":[{"embeddable":true,"href":"https:\/\/lavana.ch\/fr\/wp-json\/wp\/v2\/media\/27341"}],"wp:attachment":[{"href":"https:\/\/lavana.ch\/fr\/wp-json\/wp\/v2\/media?parent=27325"}],"wp:term":[{"taxonomy":"product_brand","embeddable":true,"href":"https:\/\/lavana.ch\/fr\/wp-json\/wp\/v2\/product_brand?post=27325"},{"taxonomy":"product_cat","embeddable":true,"href":"https:\/\/lavana.ch\/fr\/wp-json\/wp\/v2\/product_cat?post=27325"},{"taxonomy":"product_tag","embeddable":true,"href":"https:\/\/lavana.ch\/fr\/wp-json\/wp\/v2\/product_tag?post=27325"}],"curies":[{"name":"wp","href":"https:\/\/api.w.org\/{rel}","templated":true}]}}