







{"id":27346,"date":"2023-06-30T11:43:50","date_gmt":"2023-06-30T11:43:51","guid":{"rendered":"https:\/\/lavana.ch\/?post_type=product&#038;p=27346"},"modified":"2023-07-26T12:01:15","modified_gmt":"2023-07-26T12:01:15","slug":"couverture-thermique-doubleface-kopie","status":"publish","type":"product","link":"https:\/\/lavana.ch\/fr\/produit\/couverture-thermique-doubleface-kopie\/","title":{"rendered":"Al\u00e8se d&#8217;assise avec housse de protection"},"content":{"rendered":"","protected":false},"excerpt":{"rendered":"<p>Dessus : 100% polyester velours tricot\u00e9 en rond\/d\u00e9coup\u00e9, dessous : 100% polyester tissu \u00e9ponge, membrane : 100% polyur\u00e9thane<\/p>\n","protected":false},"featured_media":27350,"template":"","meta":[],"product_brand":[],"product_cat":[2646],"product_tag":[],"class_list":{"0":"post-27346","1":"product","2":"type-product","3":"status-publish","4":"has-post-thumbnail","6":"product_cat-perkal","8":"first","9":"instock","10":"taxable","11":"shipping-taxable","12":"purchasable","13":"product-type-variable"},"_links":{"self":[{"href":"https:\/\/lavana.ch\/fr\/wp-json\/wp\/v2\/product\/27346","targetHints":{"allow":["GET"]}}],"collection":[{"href":"https:\/\/lavana.ch\/fr\/wp-json\/wp\/v2\/product"}],"about":[{"href":"https:\/\/lavana.ch\/fr\/wp-json\/wp\/v2\/types\/product"}],"wp:featuredmedia":[{"embeddable":true,"href":"https:\/\/lavana.ch\/fr\/wp-json\/wp\/v2\/media\/27350"}],"wp:attachment":[{"href":"https:\/\/lavana.ch\/fr\/wp-json\/wp\/v2\/media?parent=27346"}],"wp:term":[{"taxonomy":"product_brand","embeddable":true,"href":"https:\/\/lavana.ch\/fr\/wp-json\/wp\/v2\/product_brand?post=27346"},{"taxonomy":"product_cat","embeddable":true,"href":"https:\/\/lavana.ch\/fr\/wp-json\/wp\/v2\/product_cat?post=27346"},{"taxonomy":"product_tag","embeddable":true,"href":"https:\/\/lavana.ch\/fr\/wp-json\/wp\/v2\/product_tag?post=27346"}],"curies":[{"name":"wp","href":"https:\/\/api.w.org\/{rel}","templated":true}]}}