







{"id":27362,"date":"2023-07-03T05:44:02","date_gmt":"2023-07-03T05:44:04","guid":{"rendered":"https:\/\/lavana.ch\/?post_type=product&#038;p=27362"},"modified":"2023-09-20T09:03:20","modified_gmt":"2023-09-20T09:03:20","slug":"renforce-linge-de-lit-dogs-taie-doreiller-ajustes-kopie","status":"publish","type":"product","link":"https:\/\/lavana.ch\/fr\/produit\/renforce-linge-de-lit-dogs-taie-doreiller-ajustes-kopie\/","title":{"rendered":"Renforc\u00e9 linge de lit Cannis, taie d&#8217;oreiller ajust\u00e9s"},"content":{"rendered":"","protected":false},"excerpt":{"rendered":"<p>100% coton, avec fermeture \u00e9clair<\/p>\n","protected":false},"featured_media":0,"template":"","meta":[],"product_brand":[],"product_cat":[900,959],"product_tag":[],"class_list":{"0":"post-27362","1":"product","2":"type-product","3":"status-publish","5":"product_cat-dormir","6":"product_cat-renforce-fr","8":"first","9":"instock","10":"taxable","11":"shipping-taxable","12":"purchasable","13":"product-type-variable"},"_links":{"self":[{"href":"https:\/\/lavana.ch\/fr\/wp-json\/wp\/v2\/product\/27362","targetHints":{"allow":["GET"]}}],"collection":[{"href":"https:\/\/lavana.ch\/fr\/wp-json\/wp\/v2\/product"}],"about":[{"href":"https:\/\/lavana.ch\/fr\/wp-json\/wp\/v2\/types\/product"}],"wp:attachment":[{"href":"https:\/\/lavana.ch\/fr\/wp-json\/wp\/v2\/media?parent=27362"}],"wp:term":[{"taxonomy":"product_brand","embeddable":true,"href":"https:\/\/lavana.ch\/fr\/wp-json\/wp\/v2\/product_brand?post=27362"},{"taxonomy":"product_cat","embeddable":true,"href":"https:\/\/lavana.ch\/fr\/wp-json\/wp\/v2\/product_cat?post=27362"},{"taxonomy":"product_tag","embeddable":true,"href":"https:\/\/lavana.ch\/fr\/wp-json\/wp\/v2\/product_tag?post=27362"}],"curies":[{"name":"wp","href":"https:\/\/api.w.org\/{rel}","templated":true}]}}