







{"id":28537,"date":"2023-12-07T12:33:26","date_gmt":"2023-12-07T12:33:32","guid":{"rendered":"https:\/\/lavana.ch\/?post_type=product&#038;p=28537"},"modified":"2023-12-12T09:46:13","modified_gmt":"2023-12-12T09:46:13","slug":"satin-linge-de-lit-maddie-allover-kopie","status":"publish","type":"product","link":"https:\/\/lavana.ch\/fr\/produit\/satin-linge-de-lit-maddie-allover-kopie\/","title":{"rendered":"\u00c9tag\u00e8re en bois de manguier"},"content":{"rendered":"","protected":false},"excerpt":{"rendered":"<p>Etag\u00e8re avec 2 \u00e9tag\u00e8res, structure m\u00e9tallique noir, \u00e9tag\u00e8re inf\u00e9rieure avec tringle, avec anneau de transport, ne convient pas pour les aliments, \u00e9tag\u00e8res en bois de manguier<\/p>\n<p>UVP: 49.95<\/p>\n","protected":false},"featured_media":28516,"template":"","meta":[],"product_brand":[2739],"product_cat":[919,2055,2066],"product_tag":[],"class_list":{"0":"post-28537","1":"product","2":"type-product","3":"status-publish","4":"has-post-thumbnail","6":"product_brand-home-fashion-fr","7":"product_cat-home-deco","8":"product_cat-accessoires-dameublement","9":"product_cat-etagere-en-bois-de-manguier-fr","11":"first","12":"instock","13":"taxable","14":"shipping-taxable","15":"purchasable","16":"product-type-variable"},"_links":{"self":[{"href":"https:\/\/lavana.ch\/fr\/wp-json\/wp\/v2\/product\/28537","targetHints":{"allow":["GET"]}}],"collection":[{"href":"https:\/\/lavana.ch\/fr\/wp-json\/wp\/v2\/product"}],"about":[{"href":"https:\/\/lavana.ch\/fr\/wp-json\/wp\/v2\/types\/product"}],"wp:featuredmedia":[{"embeddable":true,"href":"https:\/\/lavana.ch\/fr\/wp-json\/wp\/v2\/media\/28516"}],"wp:attachment":[{"href":"https:\/\/lavana.ch\/fr\/wp-json\/wp\/v2\/media?parent=28537"}],"wp:term":[{"taxonomy":"product_brand","embeddable":true,"href":"https:\/\/lavana.ch\/fr\/wp-json\/wp\/v2\/product_brand?post=28537"},{"taxonomy":"product_cat","embeddable":true,"href":"https:\/\/lavana.ch\/fr\/wp-json\/wp\/v2\/product_cat?post=28537"},{"taxonomy":"product_tag","embeddable":true,"href":"https:\/\/lavana.ch\/fr\/wp-json\/wp\/v2\/product_tag?post=28537"}],"curies":[{"name":"wp","href":"https:\/\/api.w.org\/{rel}","templated":true}]}}