







{"id":28548,"date":"2023-12-07T13:02:17","date_gmt":"2023-12-07T13:02:19","guid":{"rendered":"https:\/\/lavana.ch\/?post_type=product&#038;p=28548"},"modified":"2023-12-12T09:46:50","modified_gmt":"2023-12-12T09:46:50","slug":"etagere-en-bois-de-manguier-kopie-2","status":"publish","type":"product","link":"https:\/\/lavana.ch\/fr\/produit\/etagere-en-bois-de-manguier-kopie-2\/","title":{"rendered":"Table d&#8217;appoint en bois de manguier"},"content":{"rendered":"","protected":false},"excerpt":{"rendered":"<p>Structure m\u00e9tallique noire + rev\u00eatue par poudre, 3 plateaux \u00d8 24, 32 &amp; 36 cm, \u00e9tag\u00e8res en bois de manguier<\/p>\n<p>UVP: 119.00<\/p>\n","protected":false},"featured_media":28552,"template":"","meta":[],"product_brand":[2739],"product_cat":[919,2055,2071],"product_tag":[],"class_list":{"0":"post-28548","1":"product","2":"type-product","3":"status-publish","4":"has-post-thumbnail","6":"product_brand-home-fashion-fr","7":"product_cat-home-deco","8":"product_cat-accessoires-dameublement","9":"product_cat-table-dappoint-en-bois-de-manguier","11":"first","12":"instock","13":"taxable","14":"shipping-taxable","15":"purchasable","16":"product-type-variable"},"_links":{"self":[{"href":"https:\/\/lavana.ch\/fr\/wp-json\/wp\/v2\/product\/28548","targetHints":{"allow":["GET"]}}],"collection":[{"href":"https:\/\/lavana.ch\/fr\/wp-json\/wp\/v2\/product"}],"about":[{"href":"https:\/\/lavana.ch\/fr\/wp-json\/wp\/v2\/types\/product"}],"wp:featuredmedia":[{"embeddable":true,"href":"https:\/\/lavana.ch\/fr\/wp-json\/wp\/v2\/media\/28552"}],"wp:attachment":[{"href":"https:\/\/lavana.ch\/fr\/wp-json\/wp\/v2\/media?parent=28548"}],"wp:term":[{"taxonomy":"product_brand","embeddable":true,"href":"https:\/\/lavana.ch\/fr\/wp-json\/wp\/v2\/product_brand?post=28548"},{"taxonomy":"product_cat","embeddable":true,"href":"https:\/\/lavana.ch\/fr\/wp-json\/wp\/v2\/product_cat?post=28548"},{"taxonomy":"product_tag","embeddable":true,"href":"https:\/\/lavana.ch\/fr\/wp-json\/wp\/v2\/product_tag?post=28548"}],"curies":[{"name":"wp","href":"https:\/\/api.w.org\/{rel}","templated":true}]}}