







{"id":28579,"date":"2023-12-12T06:45:44","date_gmt":"2023-12-12T06:45:46","guid":{"rendered":"https:\/\/lavana.ch\/?post_type=product&#038;p=28579"},"modified":"2023-12-12T09:49:19","modified_gmt":"2023-12-12T09:49:19","slug":"etagere-en-bois-de-manguier-kopie-3","status":"publish","type":"product","link":"https:\/\/lavana.ch\/fr\/produit\/etagere-en-bois-de-manguier-kopie-3\/","title":{"rendered":"\u00c9tag\u00e8re aspect laiton"},"content":{"rendered":"","protected":false},"excerpt":{"rendered":"<p>Etag\u00e8re avec 3 \u00e9tag\u00e8res couleur laiton, fabriqu\u00e9 en aluminium, dimensions des plateaux : en bas : 30 cm, au milieu : 25 cm, en haut : 20 cm, distance entre les coupes : env. 11 cm<\/p>\n<p>UVP: 69.95<\/p>\n","protected":false},"featured_media":28583,"template":"","meta":[],"product_brand":[2739],"product_cat":[919,2055,2083],"product_tag":[],"class_list":{"0":"post-28579","1":"product","2":"type-product","3":"status-publish","4":"has-post-thumbnail","6":"product_brand-home-fashion-fr","7":"product_cat-home-deco","8":"product_cat-accessoires-dameublement","9":"product_cat-etagere-aluminium-fr","11":"first","12":"instock","13":"taxable","14":"shipping-taxable","15":"purchasable","16":"product-type-variable"},"_links":{"self":[{"href":"https:\/\/lavana.ch\/fr\/wp-json\/wp\/v2\/product\/28579","targetHints":{"allow":["GET"]}}],"collection":[{"href":"https:\/\/lavana.ch\/fr\/wp-json\/wp\/v2\/product"}],"about":[{"href":"https:\/\/lavana.ch\/fr\/wp-json\/wp\/v2\/types\/product"}],"wp:featuredmedia":[{"embeddable":true,"href":"https:\/\/lavana.ch\/fr\/wp-json\/wp\/v2\/media\/28583"}],"wp:attachment":[{"href":"https:\/\/lavana.ch\/fr\/wp-json\/wp\/v2\/media?parent=28579"}],"wp:term":[{"taxonomy":"product_brand","embeddable":true,"href":"https:\/\/lavana.ch\/fr\/wp-json\/wp\/v2\/product_brand?post=28579"},{"taxonomy":"product_cat","embeddable":true,"href":"https:\/\/lavana.ch\/fr\/wp-json\/wp\/v2\/product_cat?post=28579"},{"taxonomy":"product_tag","embeddable":true,"href":"https:\/\/lavana.ch\/fr\/wp-json\/wp\/v2\/product_tag?post=28579"}],"curies":[{"name":"wp","href":"https:\/\/api.w.org\/{rel}","templated":true}]}}