







{"id":28590,"date":"2023-12-12T07:25:32","date_gmt":"2023-12-12T07:25:34","guid":{"rendered":"https:\/\/lavana.ch\/?post_type=product&#038;p=28590"},"modified":"2023-12-12T09:50:32","modified_gmt":"2023-12-12T09:50:32","slug":"etagere-en-bois-de-manguier-kopie","status":"publish","type":"product","link":"https:\/\/lavana.ch\/fr\/produit\/etagere-en-bois-de-manguier-kopie\/","title":{"rendered":"\u00c9tag\u00e8re en aluminium"},"content":{"rendered":"","protected":false},"excerpt":{"rendered":"<p>Etag\u00e8re avec 3 \u00e9tag\u00e8res, fabriqu\u00e9 en aluminium, argent\u00e9, brillant, dimensions des plateaux : en bas : 30 cm, au milieu : 25 cm, en haut : 20 cm, distance entre les coupes : env. 15 cm<\/p>\n<p>UVP: 59.95<\/p>\n","protected":false},"featured_media":28594,"template":"","meta":[],"product_brand":[2739],"product_cat":[919,2055,2088],"product_tag":[],"class_list":{"0":"post-28590","1":"product","2":"type-product","3":"status-publish","4":"has-post-thumbnail","6":"product_brand-home-fashion-fr","7":"product_cat-home-deco","8":"product_cat-accessoires-dameublement","9":"product_cat-etagere-argent","11":"first","12":"instock","13":"taxable","14":"shipping-taxable","15":"purchasable","16":"product-type-variable"},"_links":{"self":[{"href":"https:\/\/lavana.ch\/fr\/wp-json\/wp\/v2\/product\/28590","targetHints":{"allow":["GET"]}}],"collection":[{"href":"https:\/\/lavana.ch\/fr\/wp-json\/wp\/v2\/product"}],"about":[{"href":"https:\/\/lavana.ch\/fr\/wp-json\/wp\/v2\/types\/product"}],"wp:featuredmedia":[{"embeddable":true,"href":"https:\/\/lavana.ch\/fr\/wp-json\/wp\/v2\/media\/28594"}],"wp:attachment":[{"href":"https:\/\/lavana.ch\/fr\/wp-json\/wp\/v2\/media?parent=28590"}],"wp:term":[{"taxonomy":"product_brand","embeddable":true,"href":"https:\/\/lavana.ch\/fr\/wp-json\/wp\/v2\/product_brand?post=28590"},{"taxonomy":"product_cat","embeddable":true,"href":"https:\/\/lavana.ch\/fr\/wp-json\/wp\/v2\/product_cat?post=28590"},{"taxonomy":"product_tag","embeddable":true,"href":"https:\/\/lavana.ch\/fr\/wp-json\/wp\/v2\/product_tag?post=28590"}],"curies":[{"name":"wp","href":"https:\/\/api.w.org\/{rel}","templated":true}]}}