







{"id":28603,"date":"2023-12-12T07:42:33","date_gmt":"2023-12-12T07:42:36","guid":{"rendered":"https:\/\/lavana.ch\/?post_type=product&#038;p=28603"},"modified":"2023-12-12T09:52:00","modified_gmt":"2023-12-12T09:52:00","slug":"lanterne-a-laspect-antique-kopie-2","status":"publish","type":"product","link":"https:\/\/lavana.ch\/fr\/produit\/lanterne-a-laspect-antique-kopie-2\/","title":{"rendered":"Lanterne avec motif ornemental"},"content":{"rendered":"","protected":false},"excerpt":{"rendered":"<p>Lanterne avec motif ornemental estamp\u00e9, argent, fabriqu\u00e9e en fer, polie, avec support de bougie \u00e0 accrocher pour bougies de \u00d8 max. 5 cm (petit\/moyen) \u00e0 9,5 cm (grand)<\/p>\n<p>UVP: 59.95 \/ 99.95 \/ 149.00<\/p>\n","protected":false},"featured_media":28616,"template":"","meta":[],"product_brand":[2739],"product_cat":[919,2054,2095],"product_tag":[],"class_list":{"0":"post-28603","1":"product","2":"type-product","3":"status-publish","4":"has-post-thumbnail","6":"product_brand-home-fashion-fr","7":"product_cat-home-deco","8":"product_cat-lanternes","9":"product_cat-lanterne-motif-ornemental","11":"first","12":"instock","13":"taxable","14":"shipping-taxable","15":"purchasable","16":"product-type-variable"},"_links":{"self":[{"href":"https:\/\/lavana.ch\/fr\/wp-json\/wp\/v2\/product\/28603","targetHints":{"allow":["GET"]}}],"collection":[{"href":"https:\/\/lavana.ch\/fr\/wp-json\/wp\/v2\/product"}],"about":[{"href":"https:\/\/lavana.ch\/fr\/wp-json\/wp\/v2\/types\/product"}],"wp:featuredmedia":[{"embeddable":true,"href":"https:\/\/lavana.ch\/fr\/wp-json\/wp\/v2\/media\/28616"}],"wp:attachment":[{"href":"https:\/\/lavana.ch\/fr\/wp-json\/wp\/v2\/media?parent=28603"}],"wp:term":[{"taxonomy":"product_brand","embeddable":true,"href":"https:\/\/lavana.ch\/fr\/wp-json\/wp\/v2\/product_brand?post=28603"},{"taxonomy":"product_cat","embeddable":true,"href":"https:\/\/lavana.ch\/fr\/wp-json\/wp\/v2\/product_cat?post=28603"},{"taxonomy":"product_tag","embeddable":true,"href":"https:\/\/lavana.ch\/fr\/wp-json\/wp\/v2\/product_tag?post=28603"}],"curies":[{"name":"wp","href":"https:\/\/api.w.org\/{rel}","templated":true}]}}