







{"id":28627,"date":"2023-12-12T08:14:31","date_gmt":"2023-12-12T08:14:34","guid":{"rendered":"https:\/\/lavana.ch\/?post_type=product&#038;p=28627"},"modified":"2023-12-12T09:52:41","modified_gmt":"2023-12-12T09:52:41","slug":"lanterne-a-laspect-antique-kopie","status":"publish","type":"product","link":"https:\/\/lavana.ch\/fr\/produit\/lanterne-a-laspect-antique-kopie\/","title":{"rendered":"Lanterne d&#8217;aspect blanc antique"},"content":{"rendered":"","protected":false},"excerpt":{"rendered":"<p>Photophore essuy\u00e9 \u00e0 la main, en m\u00e9tal laqu\u00e9 dor\u00e9, essuy\u00e9 en blanc pour un aspect antique, avec anse de transport, motif floral qui cr\u00e9e un beau jeu de lumi\u00e8re \u00e0 la lueur des bougies.<\/p>\n<p>UVP: 29.95<\/p>\n","protected":false},"featured_media":28633,"template":"","meta":[],"product_brand":[2739],"product_cat":[919,2054,2100],"product_tag":[],"class_list":{"0":"post-28627","1":"product","2":"type-product","3":"status-publish","4":"has-post-thumbnail","6":"product_brand-home-fashion-fr","7":"product_cat-home-deco","8":"product_cat-lanternes","9":"product_cat-lanterne-blanche","11":"first","12":"instock","13":"taxable","14":"shipping-taxable","15":"purchasable","16":"product-type-variable"},"_links":{"self":[{"href":"https:\/\/lavana.ch\/fr\/wp-json\/wp\/v2\/product\/28627","targetHints":{"allow":["GET"]}}],"collection":[{"href":"https:\/\/lavana.ch\/fr\/wp-json\/wp\/v2\/product"}],"about":[{"href":"https:\/\/lavana.ch\/fr\/wp-json\/wp\/v2\/types\/product"}],"wp:featuredmedia":[{"embeddable":true,"href":"https:\/\/lavana.ch\/fr\/wp-json\/wp\/v2\/media\/28633"}],"wp:attachment":[{"href":"https:\/\/lavana.ch\/fr\/wp-json\/wp\/v2\/media?parent=28627"}],"wp:term":[{"taxonomy":"product_brand","embeddable":true,"href":"https:\/\/lavana.ch\/fr\/wp-json\/wp\/v2\/product_brand?post=28627"},{"taxonomy":"product_cat","embeddable":true,"href":"https:\/\/lavana.ch\/fr\/wp-json\/wp\/v2\/product_cat?post=28627"},{"taxonomy":"product_tag","embeddable":true,"href":"https:\/\/lavana.ch\/fr\/wp-json\/wp\/v2\/product_tag?post=28627"}],"curies":[{"name":"wp","href":"https:\/\/api.w.org\/{rel}","templated":true}]}}