







{"id":28640,"date":"2023-12-12T08:51:22","date_gmt":"2023-12-12T08:51:25","guid":{"rendered":"https:\/\/lavana.ch\/?post_type=product&#038;p=28640"},"modified":"2023-12-12T09:55:13","modified_gmt":"2023-12-12T09:55:13","slug":"lanterne-avec-motif-ornemental-kopie","status":"publish","type":"product","link":"https:\/\/lavana.ch\/fr\/produit\/lanterne-avec-motif-ornemental-kopie\/","title":{"rendered":"Lanterne antique pour bougies \u00e0 chauffe-plat"},"content":{"rendered":"","protected":false},"excerpt":{"rendered":"<p>Lanterne au look oriental, or antique avec une charmante patine, avec une calotte ornementale abaissable qui diffuse un jeu de lumi\u00e8re enchanteur \u00e0 la lueur des bougies, cylindre en verre filigran\u00e9 et serti, avec petite porte, chapeau de lanterne effil\u00e9, int\u00e9rieur avec support pour 5 bougies chauffe-plat, coiffe ornementale abaissable<\/p>\n<p>UVP: 99.95<\/p>\n","protected":false},"featured_media":28648,"template":"","meta":[],"product_brand":[2739],"product_cat":[919,2054,2105],"product_tag":[],"class_list":{"0":"post-28640","1":"product","2":"type-product","3":"status-publish","4":"has-post-thumbnail","6":"product_brand-home-fashion-fr","7":"product_cat-home-deco","8":"product_cat-lanternes","9":"product_cat-lanterne-pour-bougies-chauffe-plat","11":"first","12":"instock","13":"taxable","14":"shipping-taxable","15":"purchasable","16":"product-type-variable"},"_links":{"self":[{"href":"https:\/\/lavana.ch\/fr\/wp-json\/wp\/v2\/product\/28640","targetHints":{"allow":["GET"]}}],"collection":[{"href":"https:\/\/lavana.ch\/fr\/wp-json\/wp\/v2\/product"}],"about":[{"href":"https:\/\/lavana.ch\/fr\/wp-json\/wp\/v2\/types\/product"}],"wp:featuredmedia":[{"embeddable":true,"href":"https:\/\/lavana.ch\/fr\/wp-json\/wp\/v2\/media\/28648"}],"wp:attachment":[{"href":"https:\/\/lavana.ch\/fr\/wp-json\/wp\/v2\/media?parent=28640"}],"wp:term":[{"taxonomy":"product_brand","embeddable":true,"href":"https:\/\/lavana.ch\/fr\/wp-json\/wp\/v2\/product_brand?post=28640"},{"taxonomy":"product_cat","embeddable":true,"href":"https:\/\/lavana.ch\/fr\/wp-json\/wp\/v2\/product_cat?post=28640"},{"taxonomy":"product_tag","embeddable":true,"href":"https:\/\/lavana.ch\/fr\/wp-json\/wp\/v2\/product_tag?post=28640"}],"curies":[{"name":"wp","href":"https:\/\/api.w.org\/{rel}","templated":true}]}}