







{"id":28655,"date":"2023-12-12T09:25:32","date_gmt":"2023-12-12T09:25:34","guid":{"rendered":"https:\/\/lavana.ch\/?post_type=product&#038;p=28655"},"modified":"2023-12-12T09:55:56","modified_gmt":"2023-12-12T09:55:56","slug":"lanterne-antique-pour-bougies-a-chauffe-plat-kopie","status":"publish","type":"product","link":"https:\/\/lavana.ch\/fr\/produit\/lanterne-antique-pour-bougies-a-chauffe-plat-kopie\/","title":{"rendered":"Lanterne noire"},"content":{"rendered":"","protected":false},"excerpt":{"rendered":"<p>Cette lanterne est fabriqu\u00e9e en fer noir rev\u00eatu par poudre, les vitres transparentes sont en verre, la lanterne est \u00e9quip\u00e9e d&#8217;une poign\u00e9e confortable et peut donc \u00eatre transport\u00e9e tr\u00e8s facilement, ne pas la porter par la poign\u00e9e du couvercle, car elle est seulement pos\u00e9e. Prot\u00e9ger de l&#8217;humidit\u00e9 stagnante et stocker au sec en hiver.<\/p>\n","protected":false},"featured_media":28663,"template":"","meta":[],"product_brand":[2739],"product_cat":[919,2054,2111],"product_tag":[],"class_list":{"0":"post-28655","1":"product","2":"type-product","3":"status-publish","4":"has-post-thumbnail","6":"product_brand-home-fashion-fr","7":"product_cat-home-deco","8":"product_cat-lanternes","9":"product_cat-lanterne-noire","11":"first","12":"instock","13":"taxable","14":"shipping-taxable","15":"purchasable","16":"product-type-variable"},"_links":{"self":[{"href":"https:\/\/lavana.ch\/fr\/wp-json\/wp\/v2\/product\/28655","targetHints":{"allow":["GET"]}}],"collection":[{"href":"https:\/\/lavana.ch\/fr\/wp-json\/wp\/v2\/product"}],"about":[{"href":"https:\/\/lavana.ch\/fr\/wp-json\/wp\/v2\/types\/product"}],"wp:featuredmedia":[{"embeddable":true,"href":"https:\/\/lavana.ch\/fr\/wp-json\/wp\/v2\/media\/28663"}],"wp:attachment":[{"href":"https:\/\/lavana.ch\/fr\/wp-json\/wp\/v2\/media?parent=28655"}],"wp:term":[{"taxonomy":"product_brand","embeddable":true,"href":"https:\/\/lavana.ch\/fr\/wp-json\/wp\/v2\/product_brand?post=28655"},{"taxonomy":"product_cat","embeddable":true,"href":"https:\/\/lavana.ch\/fr\/wp-json\/wp\/v2\/product_cat?post=28655"},{"taxonomy":"product_tag","embeddable":true,"href":"https:\/\/lavana.ch\/fr\/wp-json\/wp\/v2\/product_tag?post=28655"}],"curies":[{"name":"wp","href":"https:\/\/api.w.org\/{rel}","templated":true}]}}