







{"id":37865,"date":"2026-05-11T12:24:23","date_gmt":"2026-05-11T12:24:23","guid":{"rendered":"https:\/\/lavana.ch\/produkt\/home-fashion-frottierwaesche-streifen\/"},"modified":"2026-05-11T15:31:37","modified_gmt":"2026-05-11T15:31:37","slug":"home-fashion-linge-de-bain-rayures","status":"publish","type":"product","link":"https:\/\/lavana.ch\/fr\/produit\/home-fashion-linge-de-bain-rayures\/","title":{"rendered":"Home Fashion linge de bain, rayures"},"content":{"rendered":"","protected":false},"excerpt":{"rendered":"<p>100 % coton peign\u00e9, tissu \u00e9ponge retors, tiss\u00e9 en jacquard, 450 g\/m2<\/p>\n","protected":false},"featured_media":37857,"template":"","meta":[],"product_brand":[2739],"product_cat":[889,888,1369,2794],"product_tag":[],"class_list":{"0":"post-37865","1":"product","2":"type-product","3":"status-publish","4":"has-post-thumbnail","6":"product_brand-home-fashion-fr","7":"product_cat-bain-fr","8":"product_cat-linge-de-bain","9":"product_cat-news-products-fr","10":"product_cat-linge-de-bain-rayures","12":"first","13":"instock","14":"taxable","15":"shipping-taxable","16":"purchasable","17":"product-type-variable"},"_links":{"self":[{"href":"https:\/\/lavana.ch\/fr\/wp-json\/wp\/v2\/product\/37865","targetHints":{"allow":["GET"]}}],"collection":[{"href":"https:\/\/lavana.ch\/fr\/wp-json\/wp\/v2\/product"}],"about":[{"href":"https:\/\/lavana.ch\/fr\/wp-json\/wp\/v2\/types\/product"}],"wp:featuredmedia":[{"embeddable":true,"href":"https:\/\/lavana.ch\/fr\/wp-json\/wp\/v2\/media\/37857"}],"wp:attachment":[{"href":"https:\/\/lavana.ch\/fr\/wp-json\/wp\/v2\/media?parent=37865"}],"wp:term":[{"taxonomy":"product_brand","embeddable":true,"href":"https:\/\/lavana.ch\/fr\/wp-json\/wp\/v2\/product_brand?post=37865"},{"taxonomy":"product_cat","embeddable":true,"href":"https:\/\/lavana.ch\/fr\/wp-json\/wp\/v2\/product_cat?post=37865"},{"taxonomy":"product_tag","embeddable":true,"href":"https:\/\/lavana.ch\/fr\/wp-json\/wp\/v2\/product_tag?post=37865"}],"curies":[{"name":"wp","href":"https:\/\/api.w.org\/{rel}","templated":true}]}}